{"id":87,"date":"2023-03-24T15:34:32","date_gmt":"2023-03-24T15:34:32","guid":{"rendered":"https:\/\/metz.adventiste.net\/?page_id=87"},"modified":"2023-03-24T15:40:37","modified_gmt":"2023-03-24T15:40:37","slug":"notre-eglise","status":"publish","type":"page","link":"https:\/\/metz.adventiste.net\/?page_id=87","title":{"rendered":"Notre \u00c9glise"},"content":{"rendered":"\n<div class=\"wp-block-columns is-layout-flex wp-container-core-columns-is-layout-1 wp-block-columns-is-layout-flex\">\n<div class=\"wp-block-column is-layout-flow wp-block-column-is-layout-flow\">\n<figure class=\"wp-block-image size-large\"><img loading=\"lazy\" decoding=\"async\" width=\"1024\" height=\"1024\" src=\"https:\/\/metz.adventiste.net\/wp-content\/uploads\/2023\/03\/WhatsApp-Image-2022-01-31-at-20.37.52-1024x1024.jpeg\" alt=\"Photo des membres de l'\u00e9glise\" class=\"wp-image-45\"\/><\/figure>\n<\/div>\n\n\n\n<div class=\"wp-block-column is-layout-flow wp-block-column-is-layout-flow\">\n<p><\/p>\n<\/div>\n<\/div>\n\n\n\n<h2 class=\"wp-block-heading\">Que croyons-nous ?<\/h2>\n\n\n\n<p>Nous reconnaissons la Bible comme notre seul credo et professons un certain nombre de croyances fondamentales proc\u00e9dant des Saintes \u00c9critures. Ces croyances, les 28 doctrines, exposent la mani\u00e8re dont nous concevons et exprimons l\u00b4enseignement biblique.<\/p>\n\n\n\n<p>Nous enseignons que la r\u00e9v\u00e9lation (la compr\u00e9hension de la Bible) est progressive. Nos fondateurs ne l&rsquo;ont pas compris autrement :<br>\u00ab\u00a0Il y a un besoin de retourner au grand principe protestant : la Bible, et la Bible seulement comme r\u00e8gle de foi et de conduite.\u00a0\u00bb Ellen White<br>\u00ab\u00a0Maintenons un esprit de recherche, cherchant davantage de lumi\u00e8re et plus de v\u00e9rit\u00e9.\u00a0\u00bb Uriah Smith<br>\u00ab\u00a0J&rsquo;\u00e9changerai volontiers mille erreurs pour une v\u00e9rit\u00e9 de la Bible.\u00a0\u00bb John N. Andrews<br>\u00ab\u00a0Ils (les adventistes) changeraient d&rsquo;autres points de vue de leur foi s&rsquo;ils trouvaient dans les \u00c9critures de bonnes raisons de le faire.\u00a0\u00bb James White<br>\u00ab\u00a0Il y aura un d\u00e9veloppement de notre compr\u00e9hension, car la v\u00e9rit\u00e9 est capable d&rsquo;une expansion constante\u2026 Notre exploration de la v\u00e9rit\u00e9 est incompl\u00e8te. Nous avons rassembl\u00e9 seulement quelques rayons de lumi\u00e8re.\u00a0\u00bb Ellen White<\/p>\n","protected":false},"excerpt":{"rendered":"<p>Que croyons-nous ? Nous reconnaissons la Bible comme notre seul credo et professons un certain nombre de croyances fondamentales proc\u00e9dant des Saintes \u00c9critures. Ces croyances,&hellip;<\/p>\n","protected":false},"author":2,"featured_media":0,"parent":0,"menu_order":0,"comment_status":"closed","ping_status":"closed","template":"","meta":{"footnotes":""},"_links":{"self":[{"href":"https:\/\/metz.adventiste.net\/index.php?rest_route=\/wp\/v2\/pages\/87"}],"collection":[{"href":"https:\/\/metz.adventiste.net\/index.php?rest_route=\/wp\/v2\/pages"}],"about":[{"href":"https:\/\/metz.adventiste.net\/index.php?rest_route=\/wp\/v2\/types\/page"}],"author":[{"embeddable":true,"href":"https:\/\/metz.adventiste.net\/index.php?rest_route=\/wp\/v2\/users\/2"}],"replies":[{"embeddable":true,"href":"https:\/\/metz.adventiste.net\/index.php?rest_route=%2Fwp%2Fv2%2Fcomments&post=87"}],"version-history":[{"count":3,"href":"https:\/\/metz.adventiste.net\/index.php?rest_route=\/wp\/v2\/pages\/87\/revisions"}],"predecessor-version":[{"id":118,"href":"https:\/\/metz.adventiste.net\/index.php?rest_route=\/wp\/v2\/pages\/87\/revisions\/118"}],"wp:attachment":[{"href":"https:\/\/metz.adventiste.net\/index.php?rest_route=%2Fwp%2Fv2%2Fmedia&parent=87"}],"curies":[{"name":"wp","href":"https:\/\/api.w.org\/{rel}","templated":true}]}}